{"id":86,"date":"2024-05-09T13:28:04","date_gmt":"2024-05-09T20:28:04","guid":{"rendered":"http:\/\/staging.wearecreativewest.org\/?page_id=86"},"modified":"2025-01-09T15:32:40","modified_gmt":"2025-01-09T23:32:40","slug":"home","status":"publish","type":"page","link":"https:\/\/staging.wearecreativewest.org\/vi\/","title":{"rendered":"Trang ch\u1ee7"},"content":{"rendered":"","protected":false},"excerpt":{"rendered":"","protected":false},"author":2,"featured_media":0,"parent":0,"menu_order":0,"comment_status":"closed","ping_status":"closed","template":"","meta":{"_acf_changed":false,"footnotes":""},"class_list":["post-86","page","type-page","status-publish","hentry"],"acf":[],"yoast_head":"<!-- This site is optimized with the Yoast SEO plugin v27.2 - https:\/\/yoast.com\/product\/yoast-seo-wordpress\/ -->\n<title>Home - Creative West (formerly WESTAF)<\/title>\n<meta name=\"description\" content=\"As a U.S. Regional Arts Organization, Creative West supports artists, culture bearers, state arts agencies, and creative organizations.\" \/>\n<meta name=\"robots\" content=\"noindex, follow, max-snippet:-1, max-image-preview:large, max-video-preview:-1\" \/>\n<meta property=\"og:locale\" content=\"vi_VN\" \/>\n<meta property=\"og:type\" content=\"article\" \/>\n<meta property=\"og:title\" content=\"Home - Creative West (formerly WESTAF)\" \/>\n<meta property=\"og:description\" content=\"As a U.S. Regional Arts Organization, Creative West supports artists, culture bearers, state arts agencies, and creative organizations.\" \/>\n<meta property=\"og:url\" content=\"https:\/\/staging.wearecreativewest.org\/vi\/\" \/>\n<meta property=\"og:site_name\" content=\"Creative West\" \/>\n<meta property=\"article:modified_time\" content=\"2025-01-09T23:32:40+00:00\" \/>\n<meta name=\"twitter:card\" content=\"summary_large_image\" \/>\n<meta name=\"twitter:label1\" content=\"\u01af\u1edbc t\u00ednh th\u1eddi gian \u0111\u1ecdc\" \/>\n\t<meta name=\"twitter:data1\" content=\"3 ph\u00fat\" \/>\n<script type=\"application\/ld+json\" class=\"yoast-schema-graph\">{\"@context\":\"https:\/\/schema.org\",\"@graph\":[{\"@type\":\"WebPage\",\"@id\":\"https:\/\/staging.wearecreativewest.org\/\",\"url\":\"https:\/\/staging.wearecreativewest.org\/\",\"name\":\"Home - Creative West (formerly WESTAF)\",\"isPartOf\":{\"@id\":\"https:\/\/staging.wearecreativewest.org\/#website\"},\"datePublished\":\"2024-05-09T20:28:04+00:00\",\"dateModified\":\"2025-01-09T23:32:40+00:00\",\"description\":\"As a U.S. Regional Arts Organization, Creative West supports artists, culture bearers, state arts agencies, and creative organizations.\",\"breadcrumb\":{\"@id\":\"https:\/\/staging.wearecreativewest.org\/#breadcrumb\"},\"inLanguage\":\"vi\",\"potentialAction\":[{\"@type\":\"ReadAction\",\"target\":[\"https:\/\/staging.wearecreativewest.org\/\"]}]},{\"@type\":\"BreadcrumbList\",\"@id\":\"https:\/\/staging.wearecreativewest.org\/#breadcrumb\",\"itemListElement\":[{\"@type\":\"ListItem\",\"position\":1,\"name\":\"Home\",\"item\":\"https:\/\/staging.wearecreativewest.org\/\"},{\"@type\":\"ListItem\",\"position\":2,\"name\":\"Home\"}]},{\"@type\":\"WebSite\",\"@id\":\"https:\/\/staging.wearecreativewest.org\/#website\",\"url\":\"https:\/\/staging.wearecreativewest.org\/\",\"name\":\"Creative West\",\"description\":\"\",\"alternateName\":\"Formerly WESTAF\",\"potentialAction\":[{\"@type\":\"SearchAction\",\"target\":{\"@type\":\"EntryPoint\",\"urlTemplate\":\"https:\/\/staging.wearecreativewest.org\/?s={search_term_string}\"},\"query-input\":{\"@type\":\"PropertyValueSpecification\",\"valueRequired\":true,\"valueName\":\"search_term_string\"}}],\"inLanguage\":\"vi\"}]}<\/script>\n<!-- \/ Yoast SEO plugin. -->","yoast_head_json":{"title":"Trang ch\u1ee7 - Creative West (tr\u01b0\u1edbc \u0111\u00e2y l\u00e0 WESTAF)","description":"L\u00e0 m\u1ed9t T\u1ed5 ch\u1ee9c Ngh\u1ec7 thu\u1eadt Khu v\u1ef1c Hoa K\u1ef3, Creative West h\u1ed7 tr\u1ee3 c\u00e1c ngh\u1ec7 s\u0129, ng\u01b0\u1eddi s\u00e1ng t\u1ea1o v\u0103n h\u00f3a, c\u01a1 quan ngh\u1ec7 thu\u1eadt nh\u00e0 n\u01b0\u1edbc v\u00e0 c\u00e1c t\u1ed5 ch\u1ee9c s\u00e1ng t\u1ea1o.","robots":{"index":"noindex","follow":"follow","max-snippet":"max-snippet:-1","max-image-preview":"max-image-preview:large","max-video-preview":"max-video-preview:-1"},"og_locale":"vi_VN","og_type":"article","og_title":"Home - Creative West (formerly WESTAF)","og_description":"As a U.S. Regional Arts Organization, Creative West supports artists, culture bearers, state arts agencies, and creative organizations.","og_url":"https:\/\/staging.wearecreativewest.org\/vi\/","og_site_name":"Creative West","article_modified_time":"2025-01-09T23:32:40+00:00","twitter_card":"summary_large_image","twitter_misc":{"\u01af\u1edbc t\u00ednh th\u1eddi gian \u0111\u1ecdc":"3 ph\u00fat"},"schema":{"@context":"https:\/\/schema.org","@graph":[{"@type":"WebPage","@id":"https:\/\/staging.wearecreativewest.org\/","url":"https:\/\/staging.wearecreativewest.org\/","name":"Trang ch\u1ee7 - Creative West (tr\u01b0\u1edbc \u0111\u00e2y l\u00e0 WESTAF)","isPartOf":{"@id":"https:\/\/staging.wearecreativewest.org\/#website"},"datePublished":"2024-05-09T20:28:04+00:00","dateModified":"2025-01-09T23:32:40+00:00","description":"L\u00e0 m\u1ed9t T\u1ed5 ch\u1ee9c Ngh\u1ec7 thu\u1eadt Khu v\u1ef1c Hoa K\u1ef3, Creative West h\u1ed7 tr\u1ee3 c\u00e1c ngh\u1ec7 s\u0129, ng\u01b0\u1eddi s\u00e1ng t\u1ea1o v\u0103n h\u00f3a, c\u01a1 quan ngh\u1ec7 thu\u1eadt nh\u00e0 n\u01b0\u1edbc v\u00e0 c\u00e1c t\u1ed5 ch\u1ee9c s\u00e1ng t\u1ea1o.","breadcrumb":{"@id":"https:\/\/staging.wearecreativewest.org\/#breadcrumb"},"inLanguage":"vi","potentialAction":[{"@type":"ReadAction","target":["https:\/\/staging.wearecreativewest.org\/"]}]},{"@type":"BreadcrumbList","@id":"https:\/\/staging.wearecreativewest.org\/#breadcrumb","itemListElement":[{"@type":"ListItem","position":1,"name":"Home","item":"https:\/\/staging.wearecreativewest.org\/"},{"@type":"ListItem","position":2,"name":"Home"}]},{"@type":"WebSite","@id":"https:\/\/staging.wearecreativewest.org\/#website","url":"https:\/\/staging.wearecreativewest.org\/","name":"T\u00e2y s\u00e1ng t\u1ea1o","description":"","alternateName":"Formerly WESTAF","potentialAction":[{"@type":"SearchAction","target":{"@type":"EntryPoint","urlTemplate":"https:\/\/staging.wearecreativewest.org\/?s={search_term_string}"},"query-input":{"@type":"PropertyValueSpecification","valueRequired":true,"valueName":"search_term_string"}}],"inLanguage":"vi"}]}},"_links":{"self":[{"href":"https:\/\/staging.wearecreativewest.org\/vi\/wp-json\/wp\/v2\/pages\/86","targetHints":{"allow":["GET"]}}],"collection":[{"href":"https:\/\/staging.wearecreativewest.org\/vi\/wp-json\/wp\/v2\/pages"}],"about":[{"href":"https:\/\/staging.wearecreativewest.org\/vi\/wp-json\/wp\/v2\/types\/page"}],"author":[{"embeddable":true,"href":"https:\/\/staging.wearecreativewest.org\/vi\/wp-json\/wp\/v2\/users\/2"}],"replies":[{"embeddable":true,"href":"https:\/\/staging.wearecreativewest.org\/vi\/wp-json\/wp\/v2\/comments?post=86"}],"version-history":[{"count":187,"href":"https:\/\/staging.wearecreativewest.org\/vi\/wp-json\/wp\/v2\/pages\/86\/revisions"}],"predecessor-version":[{"id":22638,"href":"https:\/\/staging.wearecreativewest.org\/vi\/wp-json\/wp\/v2\/pages\/86\/revisions\/22638"}],"wp:attachment":[{"href":"https:\/\/staging.wearecreativewest.org\/vi\/wp-json\/wp\/v2\/media?parent=86"}],"curies":[{"name":"wp","href":"https:\/\/api.w.org\/{rel}","templated":true}]}}