{"id":492,"date":"2024-06-06T15:23:30","date_gmt":"2024-06-06T22:23:30","guid":{"rendered":"http:\/\/staging.wearecreativewest.org\/?page_id=492"},"modified":"2024-09-25T11:39:48","modified_gmt":"2024-09-25T18:39:48","slug":"ve-chung-toi-cac-to-chuc-nghe-thuat-khu-vuc","status":"publish","type":"page","link":"https:\/\/staging.wearecreativewest.org\/vi\/about-us\/about-us-regional-arts-organizations\/","title":{"rendered":"Gi\u1edbi thi\u1ec7u v\u1ec1 c\u00e1c t\u1ed5 ch\u1ee9c ngh\u1ec7 thu\u1eadt khu v\u1ef1c c\u1ee7a Hoa K\u1ef3"},"content":{"rendered":"","protected":false},"excerpt":{"rendered":"","protected":false},"author":2,"featured_media":0,"parent":474,"menu_order":0,"comment_status":"closed","ping_status":"closed","template":"","meta":{"_acf_changed":false,"footnotes":""},"class_list":["post-492","page","type-page","status-publish","hentry"],"acf":[],"yoast_head":"<!-- This site is optimized with the Yoast SEO plugin v27.2 - https:\/\/yoast.com\/product\/yoast-seo-wordpress\/ -->\n<title>About US Regional Arts Organizations - Creative West (formerly WESTAF)<\/title>\n<meta name=\"robots\" content=\"noindex, follow, max-snippet:-1, max-image-preview:large, max-video-preview:-1\" \/>\n<meta property=\"og:locale\" content=\"vi_VN\" \/>\n<meta property=\"og:type\" content=\"article\" \/>\n<meta property=\"og:title\" content=\"About US Regional Arts Organizations - Creative West (formerly WESTAF)\" \/>\n<meta property=\"og:url\" content=\"https:\/\/staging.wearecreativewest.org\/vi\/about-us\/ve-chung-toi-cac-to-chuc-nghe-thuat-khu-vuc\/\" \/>\n<meta property=\"og:site_name\" content=\"Creative West\" \/>\n<meta property=\"article:modified_time\" content=\"2024-09-25T18:39:48+00:00\" \/>\n<meta name=\"twitter:card\" content=\"summary_large_image\" \/>\n<meta name=\"twitter:label1\" content=\"\u01af\u1edbc t\u00ednh th\u1eddi gian \u0111\u1ecdc\" \/>\n\t<meta name=\"twitter:data1\" content=\"4 ph\u00fat\" \/>\n<script type=\"application\/ld+json\" class=\"yoast-schema-graph\">{\"@context\":\"https:\/\/schema.org\",\"@graph\":[{\"@type\":\"WebPage\",\"@id\":\"https:\/\/staging.wearecreativewest.org\/about-us\/about-us-regional-arts-organizations\/\",\"url\":\"https:\/\/staging.wearecreativewest.org\/about-us\/about-us-regional-arts-organizations\/\",\"name\":\"About US Regional Arts Organizations - Creative West (formerly WESTAF)\",\"isPartOf\":{\"@id\":\"https:\/\/staging.wearecreativewest.org\/#website\"},\"datePublished\":\"2024-06-06T22:23:30+00:00\",\"dateModified\":\"2024-09-25T18:39:48+00:00\",\"breadcrumb\":{\"@id\":\"https:\/\/staging.wearecreativewest.org\/about-us\/about-us-regional-arts-organizations\/#breadcrumb\"},\"inLanguage\":\"vi\",\"potentialAction\":[{\"@type\":\"ReadAction\",\"target\":[\"https:\/\/staging.wearecreativewest.org\/about-us\/about-us-regional-arts-organizations\/\"]}]},{\"@type\":\"BreadcrumbList\",\"@id\":\"https:\/\/staging.wearecreativewest.org\/about-us\/about-us-regional-arts-organizations\/#breadcrumb\",\"itemListElement\":[{\"@type\":\"ListItem\",\"position\":1,\"name\":\"Home\",\"item\":\"https:\/\/staging.wearecreativewest.org\/\"},{\"@type\":\"ListItem\",\"position\":2,\"name\":\"About Us\",\"item\":\"https:\/\/staging.wearecreativewest.org\/about-us\/\"},{\"@type\":\"ListItem\",\"position\":3,\"name\":\"About US Regional Arts Organizations\"}]},{\"@type\":\"WebSite\",\"@id\":\"https:\/\/staging.wearecreativewest.org\/#website\",\"url\":\"https:\/\/staging.wearecreativewest.org\/\",\"name\":\"Creative West\",\"description\":\"\",\"alternateName\":\"Formerly WESTAF\",\"potentialAction\":[{\"@type\":\"SearchAction\",\"target\":{\"@type\":\"EntryPoint\",\"urlTemplate\":\"https:\/\/staging.wearecreativewest.org\/?s={search_term_string}\"},\"query-input\":{\"@type\":\"PropertyValueSpecification\",\"valueRequired\":true,\"valueName\":\"search_term_string\"}}],\"inLanguage\":\"vi\"}]}<\/script>\n<!-- \/ Yoast SEO plugin. -->","yoast_head_json":{"title":"Gi\u1edbi thi\u1ec7u v\u1ec1 T\u1ed5 ch\u1ee9c Ngh\u1ec7 thu\u1eadt Khu v\u1ef1c Hoa K\u1ef3 - Creative West (tr\u01b0\u1edbc \u0111\u00e2y l\u00e0 WESTAF)","robots":{"index":"noindex","follow":"follow","max-snippet":"max-snippet:-1","max-image-preview":"max-image-preview:large","max-video-preview":"max-video-preview:-1"},"og_locale":"vi_VN","og_type":"article","og_title":"About US Regional Arts Organizations - Creative West (formerly WESTAF)","og_url":"https:\/\/staging.wearecreativewest.org\/vi\/about-us\/ve-chung-toi-cac-to-chuc-nghe-thuat-khu-vuc\/","og_site_name":"Creative West","article_modified_time":"2024-09-25T18:39:48+00:00","twitter_card":"summary_large_image","twitter_misc":{"\u01af\u1edbc t\u00ednh th\u1eddi gian \u0111\u1ecdc":"4 ph\u00fat"},"schema":{"@context":"https:\/\/schema.org","@graph":[{"@type":"WebPage","@id":"https:\/\/staging.wearecreativewest.org\/about-us\/about-us-regional-arts-organizations\/","url":"https:\/\/staging.wearecreativewest.org\/about-us\/about-us-regional-arts-organizations\/","name":"Gi\u1edbi thi\u1ec7u v\u1ec1 T\u1ed5 ch\u1ee9c Ngh\u1ec7 thu\u1eadt Khu v\u1ef1c Hoa K\u1ef3 - Creative West (tr\u01b0\u1edbc \u0111\u00e2y l\u00e0 WESTAF)","isPartOf":{"@id":"https:\/\/staging.wearecreativewest.org\/#website"},"datePublished":"2024-06-06T22:23:30+00:00","dateModified":"2024-09-25T18:39:48+00:00","breadcrumb":{"@id":"https:\/\/staging.wearecreativewest.org\/about-us\/about-us-regional-arts-organizations\/#breadcrumb"},"inLanguage":"vi","potentialAction":[{"@type":"ReadAction","target":["https:\/\/staging.wearecreativewest.org\/about-us\/about-us-regional-arts-organizations\/"]}]},{"@type":"BreadcrumbList","@id":"https:\/\/staging.wearecreativewest.org\/about-us\/about-us-regional-arts-organizations\/#breadcrumb","itemListElement":[{"@type":"ListItem","position":1,"name":"Home","item":"https:\/\/staging.wearecreativewest.org\/"},{"@type":"ListItem","position":2,"name":"About Us","item":"https:\/\/staging.wearecreativewest.org\/about-us\/"},{"@type":"ListItem","position":3,"name":"About US Regional Arts Organizations"}]},{"@type":"WebSite","@id":"https:\/\/staging.wearecreativewest.org\/#website","url":"https:\/\/staging.wearecreativewest.org\/","name":"T\u00e2y s\u00e1ng t\u1ea1o","description":"","alternateName":"Formerly WESTAF","potentialAction":[{"@type":"SearchAction","target":{"@type":"EntryPoint","urlTemplate":"https:\/\/staging.wearecreativewest.org\/?s={search_term_string}"},"query-input":{"@type":"PropertyValueSpecification","valueRequired":true,"valueName":"search_term_string"}}],"inLanguage":"vi"}]}},"_links":{"self":[{"href":"https:\/\/staging.wearecreativewest.org\/vi\/wp-json\/wp\/v2\/pages\/492","targetHints":{"allow":["GET"]}}],"collection":[{"href":"https:\/\/staging.wearecreativewest.org\/vi\/wp-json\/wp\/v2\/pages"}],"about":[{"href":"https:\/\/staging.wearecreativewest.org\/vi\/wp-json\/wp\/v2\/types\/page"}],"author":[{"embeddable":true,"href":"https:\/\/staging.wearecreativewest.org\/vi\/wp-json\/wp\/v2\/users\/2"}],"replies":[{"embeddable":true,"href":"https:\/\/staging.wearecreativewest.org\/vi\/wp-json\/wp\/v2\/comments?post=492"}],"version-history":[{"count":22,"href":"https:\/\/staging.wearecreativewest.org\/vi\/wp-json\/wp\/v2\/pages\/492\/revisions"}],"predecessor-version":[{"id":22366,"href":"https:\/\/staging.wearecreativewest.org\/vi\/wp-json\/wp\/v2\/pages\/492\/revisions\/22366"}],"up":[{"embeddable":true,"href":"https:\/\/staging.wearecreativewest.org\/vi\/wp-json\/wp\/v2\/pages\/474"}],"wp:attachment":[{"href":"https:\/\/staging.wearecreativewest.org\/vi\/wp-json\/wp\/v2\/media?parent=492"}],"curies":[{"name":"wp","href":"https:\/\/api.w.org\/{rel}","templated":true}]}}